{"id":6,"date":"2021-02-21T21:35:17","date_gmt":"2021-02-21T20:35:17","guid":{"rendered":"http:\/\/kymnguyen.com\/?page_id=6"},"modified":"2024-04-14T20:07:31","modified_gmt":"2024-04-14T18:07:31","slug":"home","status":"publish","type":"page","link":"https:\/\/kymnguyen.com\/","title":{"rendered":""},"content":{"rendered":"\n<div class=\"wp-block-group alignwide\"><div class=\"wp-block-group__inner-container\"><\/div><\/div>\n\n\n\n<p class=\"has-text-align-center\">Forte de plusieurs exp\u00e9riences dans <strong>3 diff\u00e9rentes soci\u00e9t\u00e9s, <\/strong><br>j\u2019ai acquis toutes les <strong>comp\u00e9tences techniques associ\u00e9es \u00e0 mon m\u00e9tier de graphiste depuis 15 ans. <\/strong><br>Je suis donc capable d\u2019utiliser tous les logiciels sp\u00e9cialis\u00e9s mis \u00e0 ma disposition, <br>tels que <strong>Indesign, Photoshop, Illustrator ainsi que de PowerPoint<\/strong>. <br><\/p>\n\n\n\n<p class=\"has-text-align-center\">J\u2019ai aussi une <strong>tr\u00e8s bonne connaissance des proc\u00e9d\u00e9s de fabrication et d\u2019impression <\/strong>adapt\u00e9s \u00e0 chaque projet <br>(logos, affiches, plaquettes, brochures, stickers, vernis, dorure, gauffrage&#8230;).<br>Mes exp\u00e9riences pass\u00e9es m\u2019ont \u00e9galement permis d\u2019acqu\u00e9rir de solides connaissances en marketing et en gestion de dossiers.<\/p>\n\n\n\n<p class=\"has-text-align-center\"><strong>Sociable<\/strong>, j\u2019entretiens un tr\u00e8s bon relationnel avec les personnes avec qui je travaille. <br><strong>Illustratice &amp; Photographe<\/strong>, j\u2019ai appris \u00e0 \u00eatre <strong>curieuse, cr\u00e9ative, passionn\u00e9e et investie<\/strong>. <\/p>\n\n\n\n<figure class=\"wp-block-gallery columns-0 is-cropped\"><ul class=\"blocks-gallery-grid\"><\/ul><\/figure>\n","protected":false},"excerpt":{"rendered":"<p>Forte de plusieurs exp\u00e9riences dans 3 diff\u00e9rentes soci\u00e9t\u00e9s, j\u2019ai acquis toutes les comp\u00e9tences techniques associ\u00e9es \u00e0 mon m\u00e9tier de graphiste depuis 15 ans. Je suis [&hellip;]<\/p>\n","protected":false},"author":1,"featured_media":574,"parent":0,"menu_order":0,"comment_status":"closed","ping_status":"closed","template":"","meta":[],"_links":{"self":[{"href":"https:\/\/kymnguyen.com\/index.php\/wp-json\/wp\/v2\/pages\/6"}],"collection":[{"href":"https:\/\/kymnguyen.com\/index.php\/wp-json\/wp\/v2\/pages"}],"about":[{"href":"https:\/\/kymnguyen.com\/index.php\/wp-json\/wp\/v2\/types\/page"}],"author":[{"embeddable":true,"href":"https:\/\/kymnguyen.com\/index.php\/wp-json\/wp\/v2\/users\/1"}],"replies":[{"embeddable":true,"href":"https:\/\/kymnguyen.com\/index.php\/wp-json\/wp\/v2\/comments?post=6"}],"version-history":[{"count":52,"href":"https:\/\/kymnguyen.com\/index.php\/wp-json\/wp\/v2\/pages\/6\/revisions"}],"predecessor-version":[{"id":572,"href":"https:\/\/kymnguyen.com\/index.php\/wp-json\/wp\/v2\/pages\/6\/revisions\/572"}],"wp:featuredmedia":[{"embeddable":true,"href":"https:\/\/kymnguyen.com\/index.php\/wp-json\/wp\/v2\/media\/574"}],"wp:attachment":[{"href":"https:\/\/kymnguyen.com\/index.php\/wp-json\/wp\/v2\/media?parent=6"}],"curies":[{"name":"wp","href":"https:\/\/api.w.org\/{rel}","templated":true}]}}